{"id":1665,"date":"2024-05-20T13:37:30","date_gmt":"2024-05-20T13:37:30","guid":{"rendered":"https:\/\/originalzellige.com\/?post_type=product&#038;p=1665"},"modified":"2024-06-25T22:13:15","modified_gmt":"2024-06-25T22:13:15","slug":"zellige-marocain-fait-main-zellige-emeraude-naturel-48","status":"publish","type":"product","link":"https:\/\/originalzellige.com\/fr\/produit\/zellige-marocain-fait-main-zellige-emeraude-naturel-48\/","title":{"rendered":"Fontaine marocaine"},"content":{"rendered":"<div class=\"woocommerce-tabs wc-tabs-wrapper\">\n<div id=\"tab-description\" class=\"woocommerce-Tabs-panel woocommerce-Tabs-panel--description panel entry-content wc-tab\" role=\"tabpanel\" aria-labelledby=\"tab-title-description\">\n<p>Infuse your space with artisanal elegance through our Traditional Moroccan Zellige Fontain. Crafted by talented artisans in Morocco, this Moroccan Zellige Fontain seamlessly blends the authenticity of traditional zellige with contemporary design. Each piece is unique, reflecting ancient craftsmanship and beauty. Adding an enchanting ambiance to your garden, terrace, or indoor space, it brings an exotic and refined touch to your decor. Enjoy the gentle trickle of water as this captivating artwork becomes the focal point of your environment. Indulge in a piece of history and tradition with our Traditional Moroccan Zellige Fountain.<\/p>\n<\/div>\n<\/div>\n<section class=\"related products\"><\/section>\n<p>&nbsp;<\/p>","protected":false},"excerpt":{"rendered":"<p>Fontaine marocaine en zellige : un ajout unique \u00e0 votre espace, apportant l'essence de l'artisanat marocain \u00e0 votre jardin ou int\u00e9rieur.<\/p>\n<p>Les couleurs et dimensions sont enti\u00e8rement personnalisables selon vos pr\u00e9f\u00e9rences. Laissez-nous transformer votre vision en r\u00e9alit\u00e9 pour une cr\u00e9ation unique exclusivement la v\u00f4tre.<\/p>","protected":false},"featured_media":1922,"comment_status":"open","ping_status":"closed","template":"","meta":{"rank_math_lock_modified_date":false,"site-sidebar-layout":"default","site-content-layout":"content-boxed-container","ast-site-content-layout":"normal-width-container","site-content-style":"boxed","site-sidebar-style":"unboxed","ast-global-header-display":"","ast-banner-title-visibility":"","ast-main-header-display":"","ast-hfb-above-header-display":"","ast-hfb-below-header-display":"","ast-hfb-mobile-header-display":"","site-post-title":"","ast-breadcrumbs-content":"","ast-featured-img":"","footer-sml-layout":"","theme-transparent-header-meta":"default","adv-header-id-meta":"","stick-header-meta":"","header-above-stick-meta":"","header-main-stick-meta":"","header-below-stick-meta":"","astra-migrate-meta-layouts":"set","ast-page-background-enabled":"default","ast-page-background-meta":{"desktop":{"background-color":"var(--ast-global-color-4)","background-image":"","background-repeat":"repeat","background-position":"center center","background-size":"auto","background-attachment":"scroll","background-type":"","background-media":"","overlay-type":"","overlay-color":"","overlay-opacity":"","overlay-gradient":""},"tablet":{"background-color":"","background-image":"","background-repeat":"repeat","background-position":"center center","background-size":"auto","background-attachment":"scroll","background-type":"","background-media":"","overlay-type":"","overlay-color":"","overlay-opacity":"","overlay-gradient":""},"mobile":{"background-color":"","background-image":"","background-repeat":"repeat","background-position":"center center","background-size":"auto","background-attachment":"scroll","background-type":"","background-media":"","overlay-type":"","overlay-color":"","overlay-opacity":"","overlay-gradient":""}},"ast-content-background-meta":{"desktop":{"background-color":"var(--ast-global-color-5)","background-image":"","background-repeat":"repeat","background-position":"center center","background-size":"auto","background-attachment":"scroll","background-type":"","background-media":"","overlay-type":"","overlay-color":"","overlay-opacity":"","overlay-gradient":""},"tablet":{"background-color":"var(--ast-global-color-5)","background-image":"","background-repeat":"repeat","background-position":"center center","background-size":"auto","background-attachment":"scroll","background-type":"","background-media":"","overlay-type":"","overlay-color":"","overlay-opacity":"","overlay-gradient":""},"mobile":{"background-color":"var(--ast-global-color-5)","background-image":"","background-repeat":"repeat","background-position":"center center","background-size":"auto","background-attachment":"scroll","background-type":"","background-media":"","overlay-type":"","overlay-color":"","overlay-opacity":"","overlay-gradient":""}}},"product_cat":[93],"product_tag":[69,66,75,88,81,70,78,87,85,76,68,80,65,84,72,90,77,73,89,83,86,82,64,67,91,71,79,63,74],"class_list":{"0":"post-1665","1":"product","2":"type-product","3":"status-publish","4":"has-post-thumbnail","6":"product_cat-articles","7":"product_tag-backsplash-tiles","8":"product_tag-bathroom-tiles","9":"product_tag-black-wall-tiles","10":"product_tag-diy-tile","11":"product_tag-fireplace-tile","12":"product_tag-floor-tiles","13":"product_tag-gifts","14":"product_tag-green-tile","15":"product_tag-handmade-tile","16":"product_tag-housewarming-gifts","17":"product_tag-kitchen-backsplash","18":"product_tag-moroccan-tile","19":"product_tag-moroccan-zellige","20":"product_tag-mosaic-tile","21":"product_tag-natural-white-tiles","22":"product_tag-organic-tile","23":"product_tag-personalized-gifts","24":"product_tag-project-tiles","25":"product_tag-small-tiles","26":"product_tag-square-tiles","27":"product_tag-terracotta-tile","28":"product_tag-wall-tile","29":"product_tag-wall-tiles","30":"product_tag-white-terracotta","31":"product_tag-workspace-tile","32":"product_tag-zellige-floor-tiles","33":"product_tag-zellige-tile","34":"product_tag-zellige-tiles","35":"product_tag-zellije-tile","36":"desktop-align-left","37":"tablet-align-left","38":"mobile-align-left","40":"first","41":"instock","42":"shipping-taxable","43":"purchasable","44":"product-type-simple"},"_links":{"self":[{"href":"https:\/\/originalzellige.com\/fr\/wp-json\/wp\/v2\/product\/1665"}],"collection":[{"href":"https:\/\/originalzellige.com\/fr\/wp-json\/wp\/v2\/product"}],"about":[{"href":"https:\/\/originalzellige.com\/fr\/wp-json\/wp\/v2\/types\/product"}],"replies":[{"embeddable":true,"href":"https:\/\/originalzellige.com\/fr\/wp-json\/wp\/v2\/comments?post=1665"}],"wp:featuredmedia":[{"embeddable":true,"href":"https:\/\/originalzellige.com\/fr\/wp-json\/wp\/v2\/media\/1922"}],"wp:attachment":[{"href":"https:\/\/originalzellige.com\/fr\/wp-json\/wp\/v2\/media?parent=1665"}],"wp:term":[{"taxonomy":"product_cat","embeddable":true,"href":"https:\/\/originalzellige.com\/fr\/wp-json\/wp\/v2\/product_cat?post=1665"},{"taxonomy":"product_tag","embeddable":true,"href":"https:\/\/originalzellige.com\/fr\/wp-json\/wp\/v2\/product_tag?post=1665"}],"curies":[{"name":"wp","href":"https:\/\/api.w.org\/{rel}","templated":true}]}}