{"id":1684,"date":"2024-05-20T13:37:36","date_gmt":"2024-05-20T13:37:36","guid":{"rendered":"https:\/\/originalzellige.com\/?post_type=product&#038;p=1684"},"modified":"2024-06-14T13:28:53","modified_gmt":"2024-06-14T13:28:53","slug":"zellige-marocain-fait-main-zellige-emeraude-naturel-67","status":"publish","type":"product","link":"https:\/\/originalzellige.com\/fr\/produit\/zellige-marocain-fait-main-zellige-emeraude-naturel-67\/","title":{"rendered":"Zellige 10&#215;10"},"content":{"rendered":"<p><strong>Details techniques<\/strong><\/p>\n<p>1m\u00b2 =100 pc<br \/>\nDimensions: 10 x 10cm<br \/>\nEpaisseur : 2cm<br \/>\nPoids: 227g approx<br \/>\nAssemblage<\/p>\n<p><img fetchpriority=\"high\" decoding=\"async\" class=\"alignnone wp-image-1876\" src=\"https:\/\/originalzellige.com\/wp-content\/uploads\/2024\/05\/filed_10x10_1b9991bc-d279-431f-8161-fe80fe34e638_480x480-300x207.jpg\" alt=\"\" width=\"336\" height=\"232\" srcset=\"https:\/\/originalzellige.com\/wp-content\/uploads\/2024\/05\/filed_10x10_1b9991bc-d279-431f-8161-fe80fe34e638_480x480-300x207.jpg 300w, https:\/\/originalzellige.com\/wp-content\/uploads\/2024\/05\/filed_10x10_1b9991bc-d279-431f-8161-fe80fe34e638_480x480.jpg 480w\" sizes=\"(max-width: 336px) 100vw, 336px\" \/><\/p>\n<p>&nbsp;<\/p>","protected":false},"excerpt":{"rendered":"<p>Un classique ! Cette pi\u00e8ce en terre cuite, soigneusement \u00e9maill\u00e9e \u00e0 la main, est un indispensable de d\u00e9coration qui transforme instantan\u00e9ment vos espaces gr\u00e2ce \u00e0 ses nuances imparfaitement parfaites.<\/p>\n<div class=\"woocommerce-product-details__short-description\">\n<p>Besoin d'une teinte sp\u00e9cifique ? Demandez-nous sa r\u00e9f\u00e9rence et nous la rendrons possible pour vous.<\/p>\n<\/div>","protected":false},"featured_media":1394,"comment_status":"open","ping_status":"closed","template":"","meta":{"rank_math_lock_modified_date":false,"site-sidebar-layout":"default","site-content-layout":"content-boxed-container","ast-site-content-layout":"normal-width-container","site-content-style":"boxed","site-sidebar-style":"unboxed","ast-global-header-display":"","ast-banner-title-visibility":"","ast-main-header-display":"","ast-hfb-above-header-display":"","ast-hfb-below-header-display":"","ast-hfb-mobile-header-display":"","site-post-title":"","ast-breadcrumbs-content":"","ast-featured-img":"","footer-sml-layout":"","theme-transparent-header-meta":"default","adv-header-id-meta":"","stick-header-meta":"","header-above-stick-meta":"","header-main-stick-meta":"","header-below-stick-meta":"","astra-migrate-meta-layouts":"set","ast-page-background-enabled":"default","ast-page-background-meta":{"desktop":{"background-color":"var(--ast-global-color-4)","background-image":"","background-repeat":"repeat","background-position":"center center","background-size":"auto","background-attachment":"scroll","background-type":"","background-media":"","overlay-type":"","overlay-color":"","overlay-opacity":"","overlay-gradient":""},"tablet":{"background-color":"","background-image":"","background-repeat":"repeat","background-position":"center center","background-size":"auto","background-attachment":"scroll","background-type":"","background-media":"","overlay-type":"","overlay-color":"","overlay-opacity":"","overlay-gradient":""},"mobile":{"background-color":"","background-image":"","background-repeat":"repeat","background-position":"center center","background-size":"auto","background-attachment":"scroll","background-type":"","background-media":"","overlay-type":"","overlay-color":"","overlay-opacity":"","overlay-gradient":""}},"ast-content-background-meta":{"desktop":{"background-color":"var(--ast-global-color-5)","background-image":"","background-repeat":"repeat","background-position":"center center","background-size":"auto","background-attachment":"scroll","background-type":"","background-media":"","overlay-type":"","overlay-color":"","overlay-opacity":"","overlay-gradient":""},"tablet":{"background-color":"var(--ast-global-color-5)","background-image":"","background-repeat":"repeat","background-position":"center center","background-size":"auto","background-attachment":"scroll","background-type":"","background-media":"","overlay-type":"","overlay-color":"","overlay-opacity":"","overlay-gradient":""},"mobile":{"background-color":"var(--ast-global-color-5)","background-image":"","background-repeat":"repeat","background-position":"center center","background-size":"auto","background-attachment":"scroll","background-type":"","background-media":"","overlay-type":"","overlay-color":"","overlay-opacity":"","overlay-gradient":""}}},"product_cat":[61],"product_tag":[69,66,75,88,81,70,78,87,85,76,68,80,65,84,72,90,77,73,89,83,86,82,64,67,91,71,79,63,74],"class_list":{"0":"post-1684","1":"product","2":"type-product","3":"status-publish","4":"has-post-thumbnail","6":"product_cat-zellige-carre","7":"product_tag-backsplash-tiles","8":"product_tag-bathroom-tiles","9":"product_tag-black-wall-tiles","10":"product_tag-diy-tile","11":"product_tag-fireplace-tile","12":"product_tag-floor-tiles","13":"product_tag-gifts","14":"product_tag-green-tile","15":"product_tag-handmade-tile","16":"product_tag-housewarming-gifts","17":"product_tag-kitchen-backsplash","18":"product_tag-moroccan-tile","19":"product_tag-moroccan-zellige","20":"product_tag-mosaic-tile","21":"product_tag-natural-white-tiles","22":"product_tag-organic-tile","23":"product_tag-personalized-gifts","24":"product_tag-project-tiles","25":"product_tag-small-tiles","26":"product_tag-square-tiles","27":"product_tag-terracotta-tile","28":"product_tag-wall-tile","29":"product_tag-wall-tiles","30":"product_tag-white-terracotta","31":"product_tag-workspace-tile","32":"product_tag-zellige-floor-tiles","33":"product_tag-zellige-tile","34":"product_tag-zellige-tiles","35":"product_tag-zellije-tile","36":"desktop-align-left","37":"tablet-align-left","38":"mobile-align-left","40":"first","41":"instock","42":"shipping-taxable","43":"purchasable","44":"product-type-variable","45":"has-default-attributes"},"_links":{"self":[{"href":"https:\/\/originalzellige.com\/fr\/wp-json\/wp\/v2\/product\/1684"}],"collection":[{"href":"https:\/\/originalzellige.com\/fr\/wp-json\/wp\/v2\/product"}],"about":[{"href":"https:\/\/originalzellige.com\/fr\/wp-json\/wp\/v2\/types\/product"}],"replies":[{"embeddable":true,"href":"https:\/\/originalzellige.com\/fr\/wp-json\/wp\/v2\/comments?post=1684"}],"wp:featuredmedia":[{"embeddable":true,"href":"https:\/\/originalzellige.com\/fr\/wp-json\/wp\/v2\/media\/1394"}],"wp:attachment":[{"href":"https:\/\/originalzellige.com\/fr\/wp-json\/wp\/v2\/media?parent=1684"}],"wp:term":[{"taxonomy":"product_cat","embeddable":true,"href":"https:\/\/originalzellige.com\/fr\/wp-json\/wp\/v2\/product_cat?post=1684"},{"taxonomy":"product_tag","embeddable":true,"href":"https:\/\/originalzellige.com\/fr\/wp-json\/wp\/v2\/product_tag?post=1684"}],"curies":[{"name":"wp","href":"https:\/\/api.w.org\/{rel}","templated":true}]}}