{"id":3319,"date":"2024-06-08T23:29:43","date_gmt":"2024-06-08T23:29:43","guid":{"rendered":"https:\/\/originalzellige.com\/?post_type=product&#038;p=3319"},"modified":"2024-06-25T20:59:33","modified_gmt":"2024-06-25T20:59:33","slug":"tamgroute-table","status":"publish","type":"product","link":"https:\/\/originalzellige.com\/fr\/produit\/tamgroute-table\/","title":{"rendered":"Table Tamgroute"},"content":{"rendered":"<div class=\"woocommerce-tabs wc-tabs-wrapper\">\n<div id=\"tab-description\" class=\"woocommerce-Tabs-panel woocommerce-Tabs-panel--description panel entry-content wc-tab\" role=\"tabpanel\" aria-labelledby=\"tab-title-description\">\n<p style=\"text-align: left;\">Add a touch of exotic elegance to your home with our custom handcrafted Moroccan tile Tamgroute table. Inspired by the intricate patterns of traditional Moroccan and Andalusia design, each mosaic table features vibrant and colorful pieces of Zellige tile meticulously arranged to create a stunning focal point. Perfect for adding a pop of color and texture to any place. Crafted with care and attention to detail, this Tile table brings a taste of the Mediterranean right into your home.<\/p>\n<\/div>\n<\/div>","protected":false},"excerpt":{"rendered":"<p>La collection Tamgroute : Une \u00e9l\u00e9gance authentique pour votre espace. Fabriqu\u00e9e \u00e0 la main par des artisans qualifi\u00e9s, chaque table est unique, ajoutant une touche artistique \u00e0 votre d\u00e9cor avec ses majestueuses nuances de vert.<\/p>\n<p>Les teintes, formes et dimensions sont enti\u00e8rement personnalisables selon vos pr\u00e9f\u00e9rences. Laissez-nous transformer votre vision en r\u00e9alit\u00e9 pour une cr\u00e9ation unique exclusivement la v\u00f4tre.<\/p>","protected":false},"featured_media":3370,"comment_status":"open","ping_status":"closed","template":"","meta":{"rank_math_lock_modified_date":false,"site-sidebar-layout":"default","site-content-layout":"","ast-site-content-layout":"default","site-content-style":"default","site-sidebar-style":"default","ast-global-header-display":"","ast-banner-title-visibility":"","ast-main-header-display":"","ast-hfb-above-header-display":"","ast-hfb-below-header-display":"","ast-hfb-mobile-header-display":"","site-post-title":"","ast-breadcrumbs-content":"","ast-featured-img":"","footer-sml-layout":"","theme-transparent-header-meta":"default","adv-header-id-meta":"","stick-header-meta":"","header-above-stick-meta":"","header-main-stick-meta":"","header-below-stick-meta":"","astra-migrate-meta-layouts":"set","ast-page-background-enabled":"default","ast-page-background-meta":{"desktop":{"background-color":"var(--ast-global-color-4)","background-image":"","background-repeat":"repeat","background-position":"center center","background-size":"auto","background-attachment":"scroll","background-type":"","background-media":"","overlay-type":"","overlay-color":"","overlay-opacity":"","overlay-gradient":""},"tablet":{"background-color":"","background-image":"","background-repeat":"repeat","background-position":"center center","background-size":"auto","background-attachment":"scroll","background-type":"","background-media":"","overlay-type":"","overlay-color":"","overlay-opacity":"","overlay-gradient":""},"mobile":{"background-color":"","background-image":"","background-repeat":"repeat","background-position":"center center","background-size":"auto","background-attachment":"scroll","background-type":"","background-media":"","overlay-type":"","overlay-color":"","overlay-opacity":"","overlay-gradient":""}},"ast-content-background-meta":{"desktop":{"background-color":"var(--ast-global-color-5)","background-image":"","background-repeat":"repeat","background-position":"center center","background-size":"auto","background-attachment":"scroll","background-type":"","background-media":"","overlay-type":"","overlay-color":"","overlay-opacity":"","overlay-gradient":""},"tablet":{"background-color":"var(--ast-global-color-5)","background-image":"","background-repeat":"repeat","background-position":"center center","background-size":"auto","background-attachment":"scroll","background-type":"","background-media":"","overlay-type":"","overlay-color":"","overlay-opacity":"","overlay-gradient":""},"mobile":{"background-color":"var(--ast-global-color-5)","background-image":"","background-repeat":"repeat","background-position":"center center","background-size":"auto","background-attachment":"scroll","background-type":"","background-media":"","overlay-type":"","overlay-color":"","overlay-opacity":"","overlay-gradient":""}}},"product_cat":[93],"product_tag":[],"class_list":{"0":"post-3319","1":"product","2":"type-product","3":"status-publish","4":"has-post-thumbnail","6":"product_cat-articles","7":"desktop-align-left","8":"tablet-align-left","9":"mobile-align-left","11":"first","12":"instock","13":"shipping-taxable","14":"purchasable","15":"product-type-simple"},"_links":{"self":[{"href":"https:\/\/originalzellige.com\/fr\/wp-json\/wp\/v2\/product\/3319"}],"collection":[{"href":"https:\/\/originalzellige.com\/fr\/wp-json\/wp\/v2\/product"}],"about":[{"href":"https:\/\/originalzellige.com\/fr\/wp-json\/wp\/v2\/types\/product"}],"replies":[{"embeddable":true,"href":"https:\/\/originalzellige.com\/fr\/wp-json\/wp\/v2\/comments?post=3319"}],"wp:featuredmedia":[{"embeddable":true,"href":"https:\/\/originalzellige.com\/fr\/wp-json\/wp\/v2\/media\/3370"}],"wp:attachment":[{"href":"https:\/\/originalzellige.com\/fr\/wp-json\/wp\/v2\/media?parent=3319"}],"wp:term":[{"taxonomy":"product_cat","embeddable":true,"href":"https:\/\/originalzellige.com\/fr\/wp-json\/wp\/v2\/product_cat?post=3319"},{"taxonomy":"product_tag","embeddable":true,"href":"https:\/\/originalzellige.com\/fr\/wp-json\/wp\/v2\/product_tag?post=3319"}],"curies":[{"name":"wp","href":"https:\/\/api.w.org\/{rel}","templated":true}]}}