{"id":3364,"date":"2024-06-09T02:44:49","date_gmt":"2024-06-09T02:44:49","guid":{"rendered":"https:\/\/originalzellige.com\/?post_type=product&#038;p=3364"},"modified":"2024-06-25T16:16:59","modified_gmt":"2024-06-25T16:16:59","slug":"zellige-borders","status":"publish","type":"product","link":"https:\/\/originalzellige.com\/fr\/produit\/zellige-borders\/","title":{"rendered":"Bordures en zellige"},"content":{"rendered":"<p>Tous les mod\u00e8les, couleurs et dimensions sont personnalisables selon votre demande.<\/p>","protected":false},"excerpt":{"rendered":"<p>Ajoutez une touche finale raffin\u00e9e \u00e0 votre d\u00e9cor avec nos bordures zellige, aux d\u00e9tails exquis et aux couleurs vibrantes, id\u00e9ales pour encadrer vos murs ou vos sols, elles apportent une \u00e9l\u00e9gance authentique et un charme intemporel \u00e0 votre int\u00e9rieur. Tous les mod\u00e8les, coloris et dimensions sont personnalisables selon votre demande.<\/p>","protected":false},"featured_media":3368,"comment_status":"open","ping_status":"closed","template":"","meta":{"rank_math_lock_modified_date":false,"site-sidebar-layout":"default","site-content-layout":"","ast-site-content-layout":"default","site-content-style":"default","site-sidebar-style":"default","ast-global-header-display":"","ast-banner-title-visibility":"","ast-main-header-display":"","ast-hfb-above-header-display":"","ast-hfb-below-header-display":"","ast-hfb-mobile-header-display":"","site-post-title":"","ast-breadcrumbs-content":"","ast-featured-img":"","footer-sml-layout":"","theme-transparent-header-meta":"default","adv-header-id-meta":"","stick-header-meta":"","header-above-stick-meta":"","header-main-stick-meta":"","header-below-stick-meta":"","astra-migrate-meta-layouts":"set","ast-page-background-enabled":"default","ast-page-background-meta":{"desktop":{"background-color":"var(--ast-global-color-4)","background-image":"","background-repeat":"repeat","background-position":"center center","background-size":"auto","background-attachment":"scroll","background-type":"","background-media":"","overlay-type":"","overlay-color":"","overlay-opacity":"","overlay-gradient":""},"tablet":{"background-color":"","background-image":"","background-repeat":"repeat","background-position":"center center","background-size":"auto","background-attachment":"scroll","background-type":"","background-media":"","overlay-type":"","overlay-color":"","overlay-opacity":"","overlay-gradient":""},"mobile":{"background-color":"","background-image":"","background-repeat":"repeat","background-position":"center center","background-size":"auto","background-attachment":"scroll","background-type":"","background-media":"","overlay-type":"","overlay-color":"","overlay-opacity":"","overlay-gradient":""}},"ast-content-background-meta":{"desktop":{"background-color":"var(--ast-global-color-5)","background-image":"","background-repeat":"repeat","background-position":"center center","background-size":"auto","background-attachment":"scroll","background-type":"","background-media":"","overlay-type":"","overlay-color":"","overlay-opacity":"","overlay-gradient":""},"tablet":{"background-color":"var(--ast-global-color-5)","background-image":"","background-repeat":"repeat","background-position":"center center","background-size":"auto","background-attachment":"scroll","background-type":"","background-media":"","overlay-type":"","overlay-color":"","overlay-opacity":"","overlay-gradient":""},"mobile":{"background-color":"var(--ast-global-color-5)","background-image":"","background-repeat":"repeat","background-position":"center center","background-size":"auto","background-attachment":"scroll","background-type":"","background-media":"","overlay-type":"","overlay-color":"","overlay-opacity":"","overlay-gradient":""}}},"product_cat":[61],"product_tag":[],"class_list":{"0":"post-3364","1":"product","2":"type-product","3":"status-publish","4":"has-post-thumbnail","6":"product_cat-zellige-carre","7":"desktop-align-left","8":"tablet-align-left","9":"mobile-align-left","11":"first","12":"instock","13":"shipping-taxable","14":"product-type-simple"},"_links":{"self":[{"href":"https:\/\/originalzellige.com\/fr\/wp-json\/wp\/v2\/product\/3364"}],"collection":[{"href":"https:\/\/originalzellige.com\/fr\/wp-json\/wp\/v2\/product"}],"about":[{"href":"https:\/\/originalzellige.com\/fr\/wp-json\/wp\/v2\/types\/product"}],"replies":[{"embeddable":true,"href":"https:\/\/originalzellige.com\/fr\/wp-json\/wp\/v2\/comments?post=3364"}],"wp:featuredmedia":[{"embeddable":true,"href":"https:\/\/originalzellige.com\/fr\/wp-json\/wp\/v2\/media\/3368"}],"wp:attachment":[{"href":"https:\/\/originalzellige.com\/fr\/wp-json\/wp\/v2\/media?parent=3364"}],"wp:term":[{"taxonomy":"product_cat","embeddable":true,"href":"https:\/\/originalzellige.com\/fr\/wp-json\/wp\/v2\/product_cat?post=3364"},{"taxonomy":"product_tag","embeddable":true,"href":"https:\/\/originalzellige.com\/fr\/wp-json\/wp\/v2\/product_tag?post=3364"}],"curies":[{"name":"wp","href":"https:\/\/api.w.org\/{rel}","templated":true}]}}